{"id":108,"date":"2021-04-03T23:18:09","date_gmt":"2021-04-03T21:18:09","guid":{"rendered":"http:\/\/descheminsdartistes.com\/?page_id=108"},"modified":"2024-07-03T22:09:19","modified_gmt":"2024-07-03T20:09:19","slug":"coaching-collectif","status":"publish","type":"page","link":"https:\/\/descheminsdartistes.com\/index.php\/coaching-collectif\/","title":{"rendered":"Coaching collectif"},"content":{"rendered":"\n<p>Composer ensemble un accompagnement cr\u00e9atif et sur mesure afin de faire face aux enjeux sp\u00e9cifiques que vous rencontrez.<\/p>\n\n\n\n<blockquote class=\"wp-block-quote is-layout-flow wp-block-quote-is-layout-flow\">\n<p class=\"has-text-align-center\">Coh\u00e9sion d\u2019\u00e9quipe<br>Construction d\u2019\u00e9quipe<br>Accueillir de nouveaux collaborateurs<\/p>\n<\/blockquote>\n\n\n\n<figure class=\"wp-block-image size-large\"><img loading=\"lazy\" decoding=\"async\" width=\"963\" height=\"1024\" src=\"http:\/\/descheminsdartistes.com\/wp-content\/uploads\/2022\/02\/coaching_equipe-1-963x1024.jpeg\" alt=\"\" class=\"wp-image-292\" srcset=\"https:\/\/descheminsdartistes.com\/wp-content\/uploads\/2022\/02\/coaching_equipe-1-963x1024.jpeg 963w, https:\/\/descheminsdartistes.com\/wp-content\/uploads\/2022\/02\/coaching_equipe-1-282x300.jpeg 282w, https:\/\/descheminsdartistes.com\/wp-content\/uploads\/2022\/02\/coaching_equipe-1-768x817.jpeg 768w, https:\/\/descheminsdartistes.com\/wp-content\/uploads\/2022\/02\/coaching_equipe-1.jpeg 1410w\" sizes=\"auto, (max-width: 706px) 89vw, (max-width: 767px) 82vw, 740px\" \/><\/figure>\n\n\n\n<p>La r\u00e9alisation d&rsquo;un projet professionnel est (presque) toujours l&rsquo;aboutissement d&rsquo;un travail en \u00e9quipe. <\/p>\n\n\n\n<p>Le coaching permet aussi de <strong>favoriser les interactions<\/strong> et de b\u00e2tir un collectif solide o\u00f9 la confiance et l&rsquo;entraide pr\u00e9valent. Il aide le groupe \u00e0 faire <strong>\u00e9merger les points de blocages et mettre en place des actions<\/strong> pour y r\u00e9pondre efficacement.<\/p>\n\n\n\n<p>La d\u00e9marche coaching s&rsquo;adresse \u00e0 tous types de collectif quelle que soit l&rsquo;envergure du projet.<\/p>\n\n\n\n<p>Le processus permet de:<\/p>\n\n\n\n<ul class=\"wp-block-list\">\n<li>Redonner du sens, de l&rsquo;\u00e9lan&nbsp;au groupe<\/li>\n\n\n\n<li>Restaurer la valorisation individuelle et collective<\/li>\n\n\n\n<li>R\u00e9guler les conflits et tensions&nbsp;<\/li>\n\n\n\n<li>Rendre la communication plus fluide, <\/li>\n\n\n\n<li>Cr\u00e9er des outils relationnels<\/li>\n\n\n\n<li>Faciliter l&rsquo;int\u00e9gration des nouveaux membres<\/li>\n\n\n\n<li>Redonner de la confiance, de la motivation<\/li>\n\n\n\n<li>Tenir des r\u00e9unions plus efficaces<\/li>\n\n\n\n<li>R\u00e9duire le stress et pr\u00e9venir les risques psychosociaux, les troubles musculo-squelettiques<\/li>\n\n\n\n<li>Explorer et trouver les solutions adapt\u00e9es \u00e0 son collectif en s&rsquo;appuyant sur les ressources de chacun<\/li>\n<\/ul>\n","protected":false},"excerpt":{"rendered":"<p>Composer ensemble un accompagnement cr\u00e9atif et sur mesure afin de faire face aux enjeux sp\u00e9cifiques que vous rencontrez. Coh\u00e9sion d\u2019\u00e9quipeConstruction d\u2019\u00e9quipeAccueillir de nouveaux collaborateurs La r\u00e9alisation d&rsquo;un projet professionnel est (presque) toujours l&rsquo;aboutissement d&rsquo;un travail en \u00e9quipe. Le coaching permet aussi de favoriser les interactions et de b\u00e2tir un collectif solide o\u00f9 la confiance et &hellip; <\/p>\n<p class=\"link-more\"><a href=\"https:\/\/descheminsdartistes.com\/index.php\/coaching-collectif\/\" class=\"more-link\">Continuer la lecture<span class=\"screen-reader-text\"> de &laquo;&nbsp;Coaching collectif&nbsp;&raquo;<\/span><\/a><\/p>\n","protected":false},"author":1,"featured_media":0,"parent":0,"menu_order":0,"comment_status":"closed","ping_status":"closed","template":"","meta":{"footnotes":""},"class_list":["post-108","page","type-page","status-publish","hentry"],"_links":{"self":[{"href":"https:\/\/descheminsdartistes.com\/index.php\/wp-json\/wp\/v2\/pages\/108","targetHints":{"allow":["GET"]}}],"collection":[{"href":"https:\/\/descheminsdartistes.com\/index.php\/wp-json\/wp\/v2\/pages"}],"about":[{"href":"https:\/\/descheminsdartistes.com\/index.php\/wp-json\/wp\/v2\/types\/page"}],"author":[{"embeddable":true,"href":"https:\/\/descheminsdartistes.com\/index.php\/wp-json\/wp\/v2\/users\/1"}],"replies":[{"embeddable":true,"href":"https:\/\/descheminsdartistes.com\/index.php\/wp-json\/wp\/v2\/comments?post=108"}],"version-history":[{"count":10,"href":"https:\/\/descheminsdartistes.com\/index.php\/wp-json\/wp\/v2\/pages\/108\/revisions"}],"predecessor-version":[{"id":2746,"href":"https:\/\/descheminsdartistes.com\/index.php\/wp-json\/wp\/v2\/pages\/108\/revisions\/2746"}],"wp:attachment":[{"href":"https:\/\/descheminsdartistes.com\/index.php\/wp-json\/wp\/v2\/media?parent=108"}],"curies":[{"name":"wp","href":"https:\/\/api.w.org\/{rel}","templated":true}]}}