{"id":12,"date":"2020-12-02T20:15:13","date_gmt":"2020-12-02T19:15:13","guid":{"rendered":"http:\/\/descheminsdartistes.com\/?page_id=12"},"modified":"2024-07-03T22:25:48","modified_gmt":"2024-07-03T20:25:48","slug":"home","status":"publish","type":"page","link":"https:\/\/descheminsdartistes.com\/","title":{"rendered":"Accueil"},"content":{"rendered":"\n<p>Bonjour \u00e0 tous et bienvenue. Je suis C\u00e9cile Hardouin, musicienne et coach professionnelle certifi\u00e9e.<\/p>\n\n\n\n<h2 class=\"wp-block-heading\" id=\"j-accompagne-les-artistes-individuellement-ou-en-groupe-dans-le-developpement-de-leur-carriere\">J&rsquo;accompagne les \u00e9quipes et les personnes dans le d\u00e9veloppement de leur projet professionnel.<\/h2>\n\n\n\n<p><strong>A l&rsquo;aide de l&rsquo;art et de la musique, j&rsquo;aide les professionnels \u00e0 d\u00e9velopper leur capacit\u00e9 d\u2019\u00e9coute humaine au service de la coop\u00e9ration et de la performance.<\/strong> <\/p>\n\n\n\n<p><strong>Explorer leur intelligence \u00e9motionnelle.<\/strong><\/p>\n\n\n\n<ul class=\"wp-block-list\">\n<li>Apprendre \u00e0 s\u2019appuyer sur son \u00e9coute, son intuition, ses talents via l&rsquo;exp\u00e9rience orchestrale<\/li>\n\n\n\n<li>Construire une comp\u00e9tence collective \u00e0 r\u00e9soudre les probl\u00e8mes ensemble<\/li>\n\n\n\n<li>D\u00e9velopper des relations de coop\u00e9ration fertiles<\/li>\n<\/ul>\n\n\n\n<p class=\"has-text-align-left\">Mon r\u00f4le est de vous rendre plus coh\u00e9rents et connect\u00e9s aux autres. Ainsi, nous devenons plus g\u00e9n\u00e9reux, plus convaincants et plus efficaces.<\/p>\n\n\n\n<p class=\"has-text-align-left\">Si ma d\u00e9marche vous int\u00e9resse, n&rsquo;h\u00e9sitez pas \u00e0 me contacter pour en parler!<\/p>\n\n\n\n<p>\u00c0 bient\u00f4t,<br>C\u00e9cile.<\/p>\n","protected":false},"excerpt":{"rendered":"<p>Bonjour \u00e0 tous et bienvenue. Je suis C\u00e9cile Hardouin, musicienne et coach professionnelle certifi\u00e9e. J&rsquo;accompagne les \u00e9quipes et les personnes dans le d\u00e9veloppement de leur projet professionnel. A l&rsquo;aide de l&rsquo;art et de la musique, j&rsquo;aide les professionnels \u00e0 d\u00e9velopper leur capacit\u00e9 d\u2019\u00e9coute humaine au service de la coop\u00e9ration et de la performance. Explorer leur &hellip; <\/p>\n<p class=\"link-more\"><a href=\"https:\/\/descheminsdartistes.com\/\" class=\"more-link\">Continuer la lecture<span class=\"screen-reader-text\"> de &laquo;&nbsp;Accueil&nbsp;&raquo;<\/span><\/a><\/p>\n","protected":false},"author":1,"featured_media":0,"parent":0,"menu_order":0,"comment_status":"closed","ping_status":"closed","template":"","meta":{"footnotes":""},"class_list":["post-12","page","type-page","status-publish","hentry"],"_links":{"self":[{"href":"https:\/\/descheminsdartistes.com\/index.php\/wp-json\/wp\/v2\/pages\/12","targetHints":{"allow":["GET"]}}],"collection":[{"href":"https:\/\/descheminsdartistes.com\/index.php\/wp-json\/wp\/v2\/pages"}],"about":[{"href":"https:\/\/descheminsdartistes.com\/index.php\/wp-json\/wp\/v2\/types\/page"}],"author":[{"embeddable":true,"href":"https:\/\/descheminsdartistes.com\/index.php\/wp-json\/wp\/v2\/users\/1"}],"replies":[{"embeddable":true,"href":"https:\/\/descheminsdartistes.com\/index.php\/wp-json\/wp\/v2\/comments?post=12"}],"version-history":[{"count":32,"href":"https:\/\/descheminsdartistes.com\/index.php\/wp-json\/wp\/v2\/pages\/12\/revisions"}],"predecessor-version":[{"id":2758,"href":"https:\/\/descheminsdartistes.com\/index.php\/wp-json\/wp\/v2\/pages\/12\/revisions\/2758"}],"wp:attachment":[{"href":"https:\/\/descheminsdartistes.com\/index.php\/wp-json\/wp\/v2\/media?parent=12"}],"curies":[{"name":"wp","href":"https:\/\/api.w.org\/{rel}","templated":true}]}}