{"id":27,"date":"2020-12-02T20:31:22","date_gmt":"2020-12-02T19:31:22","guid":{"rendered":"http:\/\/descheminsdartistes.com\/?page_id=27"},"modified":"2023-01-27T16:45:15","modified_gmt":"2023-01-27T15:45:15","slug":"une-seance-en-pratique","status":"publish","type":"page","link":"https:\/\/descheminsdartistes.com\/index.php\/une-seance-en-pratique\/","title":{"rendered":"Un coaching en pratique"},"content":{"rendered":"\n<p>Voici les \u00e9tapes d&rsquo;un processus de coaching :<\/p>\n\n\n\n<div class=\"wp-block-group\"><div class=\"wp-block-group__inner-container is-layout-flow wp-block-group-is-layout-flow\">\n<div class=\"wp-block-group\"><div class=\"wp-block-group__inner-container is-layout-flow wp-block-group-is-layout-flow\">\n<div class=\"wp-block-media-text alignwide is-stacked-on-mobile is-vertically-aligned-top\" style=\"grid-template-columns:53% auto\"><figure class=\"wp-block-media-text__media\"><img loading=\"lazy\" decoding=\"async\" width=\"1024\" height=\"665\" src=\"http:\/\/descheminsdartistes.com\/wp-content\/uploads\/2021\/04\/carnet-sans-fond-e1617491683396-1024x665.png\" alt=\"\" class=\"wp-image-129 size-full\" srcset=\"https:\/\/descheminsdartistes.com\/wp-content\/uploads\/2021\/04\/carnet-sans-fond-e1617491683396-1024x665.png 1024w, https:\/\/descheminsdartistes.com\/wp-content\/uploads\/2021\/04\/carnet-sans-fond-e1617491683396-300x195.png 300w, https:\/\/descheminsdartistes.com\/wp-content\/uploads\/2021\/04\/carnet-sans-fond-e1617491683396-768x499.png 768w, https:\/\/descheminsdartistes.com\/wp-content\/uploads\/2021\/04\/carnet-sans-fond-e1617491683396-1536x998.png 1536w, https:\/\/descheminsdartistes.com\/wp-content\/uploads\/2021\/04\/carnet-sans-fond-e1617491683396-2048x1331.png 2048w\" sizes=\"auto, (max-width: 706px) 89vw, (max-width: 767px) 82vw, 740px\" \/><\/figure><div class=\"wp-block-media-text__content\">\n<ul class=\"wp-block-list\">\n<li>un premier<strong> entretien t\u00e9l\u00e9phonique<\/strong> <strong>gratuit<\/strong> d&rsquo;une cinquantaine de minutes pour une prise de contact et l&rsquo;exploration de votre demande.<\/li>\n<\/ul>\n\n\n\n<p><\/p>\n\n\n\n<ul class=\"wp-block-list\">\n<li>un premier <strong>rendez-vous<\/strong> pour d\u00e9finir votre objectif, la dur\u00e9e du coaching, et \u00e9tablir un contrat.<\/li>\n<\/ul>\n<\/div><\/div>\n<\/div><\/div>\n<\/div><\/div>\n\n\n\n<ul class=\"wp-block-list\">\n<li>des<strong> s\u00e9ances d&rsquo;une heure et demie \u00e0 deux heures<\/strong> espac\u00e9es de deux \u00e0 trois semaines. J&rsquo;utilise des outils issus de l&rsquo;analyse transactionnelle, de la programmation neurolinguistique et de l&rsquo;approche \u00ab\u00a0orientation solution\u00a0\u00bb.<\/li>\n<\/ul>\n\n\n\n<p><\/p>\n\n\n\n<h5 class=\"wp-block-heading\">Tout au long du processus, je vous accueille en toute confidentialit\u00e9 avec engagement, bienveillance et cr\u00e9ativit\u00e9 !<\/h5>\n\n\n\n<p><\/p>\n","protected":false},"excerpt":{"rendered":"<p>Voici les \u00e9tapes d&rsquo;un processus de coaching : Tout au long du processus, je vous accueille en toute confidentialit\u00e9 avec engagement, bienveillance et cr\u00e9ativit\u00e9 !<\/p>\n","protected":false},"author":1,"featured_media":0,"parent":0,"menu_order":0,"comment_status":"closed","ping_status":"closed","template":"","meta":{"footnotes":""},"class_list":["post-27","page","type-page","status-publish","hentry"],"_links":{"self":[{"href":"https:\/\/descheminsdartistes.com\/index.php\/wp-json\/wp\/v2\/pages\/27","targetHints":{"allow":["GET"]}}],"collection":[{"href":"https:\/\/descheminsdartistes.com\/index.php\/wp-json\/wp\/v2\/pages"}],"about":[{"href":"https:\/\/descheminsdartistes.com\/index.php\/wp-json\/wp\/v2\/types\/page"}],"author":[{"embeddable":true,"href":"https:\/\/descheminsdartistes.com\/index.php\/wp-json\/wp\/v2\/users\/1"}],"replies":[{"embeddable":true,"href":"https:\/\/descheminsdartistes.com\/index.php\/wp-json\/wp\/v2\/comments?post=27"}],"version-history":[{"count":24,"href":"https:\/\/descheminsdartistes.com\/index.php\/wp-json\/wp\/v2\/pages\/27\/revisions"}],"predecessor-version":[{"id":2060,"href":"https:\/\/descheminsdartistes.com\/index.php\/wp-json\/wp\/v2\/pages\/27\/revisions\/2060"}],"wp:attachment":[{"href":"https:\/\/descheminsdartistes.com\/index.php\/wp-json\/wp\/v2\/media?parent=27"}],"curies":[{"name":"wp","href":"https:\/\/api.w.org\/{rel}","templated":true}]}}